{"id":2502,"date":"2019-07-21T20:29:24","date_gmt":"2019-07-21T20:29:24","guid":{"rendered":"https:\/\/weboffice.pt\/?page_id=2502"},"modified":"2025-03-27T11:14:48","modified_gmt":"2025-03-27T10:14:48","slug":"politica-de-cookies","status":"publish","type":"page","link":"https:\/\/weboffice.pt\/es\/politica-de-cookies\/","title":{"rendered":"Pol\u00edtica de cookies"},"content":{"rendered":"<p>[et_pb_section fb_built=&#8221;1&#8243; _builder_version=&#8221;4.18.0&#8243; background_color=&#8221;rgba(0,0,0,0.36)&#8221; background_enable_color=&#8221;on&#8221; background_image=&#8221;https:\/\/weboffice.pt\/wp-content\/uploads\/2022\/10\/copa2.jpg&#8221; background_enable_image=&#8221;on&#8221; background_blend=&#8221;overlay&#8221; global_colors_info=&#8221;{}&#8221;][et_pb_row _builder_version=&#8221;4.16&#8243; global_colors_info=&#8221;{}&#8221;][et_pb_column type=&#8221;4_4&#8243; _builder_version=&#8221;4.16&#8243; background_position=&#8221;top_left&#8221; custom_padding=&#8221;|||&#8221; global_colors_info=&#8221;{}&#8221; custom_padding__hover=&#8221;|||&#8221;][et_pb_text admin_label=&#8221;Header&#8221; _builder_version=&#8221;4.18.0&#8243; header_text_align=&#8221;center&#8221; header_font_size=&#8221;3rem&#8221; background_layout=&#8221;dark&#8221; module_alignment=&#8221;left&#8221; global_colors_info=&#8221;{}&#8221;]<\/p>\n<h1>Pol\u00edticas de Cookies<\/h1>\n<p>[\/et_pb_text][\/et_pb_column][\/et_pb_row][\/et_pb_section][et_pb_section fb_built=&#8221;1&#8243; _builder_version=&#8221;4.18.0&#8243; bottom_divider_color=&#8221;#68cdec&#8221; global_colors_info=&#8221;{}&#8221;][et_pb_row _builder_version=&#8221;4.16&#8243; background_size=&#8221;initial&#8221; background_position=&#8221;top_left&#8221; background_repeat=&#8221;repeat&#8221; global_colors_info=&#8221;{}&#8221;][et_pb_column type=&#8221;4_4&#8243; _builder_version=&#8221;4.16&#8243; custom_padding=&#8221;|||&#8221; global_colors_info=&#8221;{}&#8221; custom_padding__hover=&#8221;|||&#8221;][et_pb_text _builder_version=&#8221;4.27.4&#8243; background_size=&#8221;initial&#8221; background_position=&#8221;top_left&#8221; background_repeat=&#8221;repeat&#8221; hover_enabled=&#8221;0&#8243; global_colors_info=&#8221;{}&#8221; sticky_enabled=&#8221;0&#8243;]<\/p>\n<h1><b>Pol\u00edtica de Cookies<\/b><\/h1>\n<h2><b>1. Introdu\u00e7\u00e3o<\/b><\/h2>\n<p><span style=\"font-weight: 400;\">O website<\/span> <a href=\"https:\/\/weboffice.pt\">https:\/\/weboffice.pt<\/a> <span style=\"font-weight: 400;\">utiliza cookies e tecnologias semelhantes para melhorar a experi\u00eancia do utilizador, analisar o tr\u00e1fego e otimizar os nossos servi\u00e7os. Esta Pol\u00edtica de Cookies explica o que s\u00e3o cookies, como os utilizamos e como pode gerir as suas prefer\u00eancias.<\/span><\/p>\n<p><span style=\"font-weight: 400;\">Ao continuar a navegar no nosso site, concorda com a utiliza\u00e7\u00e3o de cookies nos termos descritos nesta pol\u00edtica. Pode alterar as suas prefer\u00eancias a qualquer momento atrav\u00e9s das configura\u00e7\u00f5es do seu navegador ou do nosso <\/span><b>Gestor de Prefer\u00eancias de Cookies<\/b><span style=\"font-weight: 400;\">.<\/span><\/p>\n<h2><b>2. O que s\u00e3o Cookies?<\/b><\/h2>\n<p><span style=\"font-weight: 400;\">Cookies s\u00e3o pequenos ficheiros de texto armazenados no seu dispositivo (computador, tablet ou telem\u00f3vel) quando visita um website. Estes ficheiros ajudam a melhorar a navega\u00e7\u00e3o, lembrar prefer\u00eancias e recolher informa\u00e7\u00f5es sobre o uso do site.<\/span><\/p>\n<h2><b>3. Tipos de Cookies Utilizados<\/b><\/h2>\n<p><span style=\"font-weight: 400;\">O site <\/span><b>WebOffice<\/b><span style=\"font-weight: 400;\"> utiliza os seguintes tipos de cookies:<\/span><\/p>\n<h3><b>3.1. Cookies Essenciais (Necess\u00e1rios)<\/b><\/h3>\n<p><span style=\"font-weight: 400;\">Estes cookies s\u00e3o indispens\u00e1veis para o funcionamento do website e n\u00e3o podem ser desativados. Incluem, por exemplo:<\/span><\/p>\n<ul>\n<li style=\"font-weight: 400;\" aria-level=\"1\"><span style=\"font-weight: 400;\">Cookies de sess\u00e3o para manter os utilizadores autenticados;<\/span><\/li>\n<li style=\"font-weight: 400;\" aria-level=\"1\"><span style=\"font-weight: 400;\">Cookies necess\u00e1rios para a seguran\u00e7a do site;<\/span><\/li>\n<li style=\"font-weight: 400;\" aria-level=\"1\"><span style=\"font-weight: 400;\">Cookies que armazenam as suas prefer\u00eancias de cookies.<\/span><\/li>\n<\/ul>\n<p><b>Exemplos:<\/b><\/p>\n<ul>\n<li style=\"font-weight: 400;\" aria-level=\"1\"><span style=\"font-weight: 400;\">wordpress_logged_in_*<\/span><span style=\"font-weight: 400;\"> \u2013 identifica utilizadores registados;<\/span><\/li>\n<li style=\"font-weight: 400;\" aria-level=\"1\"><span style=\"font-weight: 400;\">woocommerce_cart_hash<\/span><span style=\"font-weight: 400;\"> e <\/span><span style=\"font-weight: 400;\">woocommerce_items_in_cart<\/span><span style=\"font-weight: 400;\"> \u2013 guarda o estado do carrinho de compras;<\/span><\/li>\n<li style=\"font-weight: 400;\" aria-level=\"1\"><span style=\"font-weight: 400;\">wp-wpml_current_language<\/span><span style=\"font-weight: 400;\"> \u2013 armazena o idioma selecionado pelo utilizador.<\/span><\/li>\n<\/ul>\n<h3><b>3.2. Cookies de Desempenho e Estat\u00edsticas<\/b><\/h3>\n<p><span style=\"font-weight: 400;\">Estes cookies ajudam-nos a melhorar o desempenho do site, fornecendo informa\u00e7\u00f5es sobre a utiliza\u00e7\u00e3o dos visitantes. N\u00e3o recolhem dados pessoais identific\u00e1veis.<\/span><\/p>\n<p><b>Ferramentas utilizadas:<\/b><\/p>\n<ul>\n<li style=\"font-weight: 400;\" aria-level=\"1\"><b>Google Analytics<\/b><span style=\"font-weight: 400;\"> \u2013 Recolhe dados an\u00f3nimos sobre visitas e intera\u00e7\u00f5es no site.<\/span><\/li>\n<ul>\n<li style=\"font-weight: 400;\" aria-level=\"2\"><span style=\"font-weight: 400;\">Cookies: <\/span><span style=\"font-weight: 400;\">_ga<\/span><span style=\"font-weight: 400;\">, <\/span><span style=\"font-weight: 400;\">_gid<\/span><span style=\"font-weight: 400;\">, <\/span><span style=\"font-weight: 400;\">_gat<\/span><\/li>\n<\/ul>\n<li style=\"font-weight: 400;\" aria-level=\"1\"><b>Microsoft Clarity<\/b><span style=\"font-weight: 400;\"> \u2013 Regista intera\u00e7\u00f5es dos utilizadores para melhorar a experi\u00eancia de navega\u00e7\u00e3o.<\/span><\/li>\n<ul>\n<li style=\"font-weight: 400;\" aria-level=\"2\"><span style=\"font-weight: 400;\">Cookies: <\/span><span style=\"font-weight: 400;\">_clck<\/span><span style=\"font-weight: 400;\">, <\/span><span style=\"font-weight: 400;\">_clsk<\/span><\/li>\n<\/ul>\n<\/ul>\n<h3><b>3.3. Cookies de Funcionalidade<\/b><\/h3>\n<p><span style=\"font-weight: 400;\">Estes cookies permitem que o website memorize as suas escolhas e forne\u00e7a funcionalidades personalizadas.<\/span><\/p>\n<p><b>Exemplos:<\/b><\/p>\n<ul>\n<li style=\"font-weight: 400;\" aria-level=\"1\"><span style=\"font-weight: 400;\">Cookies que armazenam prefer\u00eancias de idioma;<\/span><\/li>\n<li style=\"font-weight: 400;\" aria-level=\"1\"><span style=\"font-weight: 400;\">Cookies que guardam o preenchimento de formul\u00e1rios para futuras visitas.<\/span><\/li>\n<\/ul>\n<h3><b>3.4. Cookies de Publicidade e Marketing<\/b><\/h3>\n<p><span style=\"font-weight: 400;\">Estes cookies s\u00e3o utilizados para personalizar an\u00fancios e medir a efic\u00e1cia das campanhas publicit\u00e1rias. S\u00e3o fornecidos por terceiros, como Google e Meta (Facebook).<\/span><\/p>\n<p><b>Ferramentas utilizadas:<\/b><\/p>\n<ul>\n<li style=\"font-weight: 400;\" aria-level=\"1\"><b>Google Ads<\/b><span style=\"font-weight: 400;\"> \u2013 Exibe an\u00fancios personalizados com base na navega\u00e7\u00e3o.<\/span><\/li>\n<li style=\"font-weight: 400;\" aria-level=\"1\"><b>Facebook Pixel<\/b><span style=\"font-weight: 400;\"> \u2013 Rastreia intera\u00e7\u00f5es para campanhas publicit\u00e1rias.<\/span><\/li>\n<li style=\"font-weight: 400;\" aria-level=\"1\"><b>WhatsApp Chat<\/b><span style=\"font-weight: 400;\"> \u2013 Armazena dados para otimizar a comunica\u00e7\u00e3o via WhatsApp.<\/span><\/li>\n<\/ul>\n<p><b>Exemplos de cookies:<\/b><\/p>\n<ul>\n<li style=\"font-weight: 400;\" aria-level=\"1\"><span style=\"font-weight: 400;\">_fbp<\/span><span style=\"font-weight: 400;\"> \u2013 Facebook Pixel<\/span><\/li>\n<li style=\"font-weight: 400;\" aria-level=\"1\"><span style=\"font-weight: 400;\">NID<\/span><span style=\"font-weight: 400;\"> \u2013 Google Ads<\/span><\/li>\n<li style=\"font-weight: 400;\" aria-level=\"1\"><span style=\"font-weight: 400;\">wa_widget<\/span><span style=\"font-weight: 400;\"> \u2013 WhatsApp Chat<\/span><\/li>\n<\/ul>\n<h2><b>4. Gest\u00e3o de Cookies<\/b><\/h2>\n<p><span style=\"font-weight: 400;\">Pode gerir ou desativar cookies atrav\u00e9s do <\/span><b>Gestor de Prefer\u00eancias de Cookies<\/b><span style=\"font-weight: 400;\"> no nosso site ou diretamente no seu navegador.<\/span><\/p>\n<h3><b>4.1. Configura\u00e7\u00e3o no Navegador<\/b><\/h3>\n<p><span style=\"font-weight: 400;\">Os navegadores permitem bloquear ou eliminar cookies. Seguem-se alguns links \u00fateis para configurar cookies nos navegadores mais comuns:<\/span><\/p>\n<ul>\n<li style=\"font-weight: 400;\" aria-level=\"1\"><b>Google Chrome<\/b><span style=\"font-weight: 400;\">: Gerir cookies<\/span><\/li>\n<li style=\"font-weight: 400;\" aria-level=\"1\"><b>Mozilla Firefox<\/b><span style=\"font-weight: 400;\">:<\/span><a href=\"https:\/\/support.mozilla.org\/pt-PT\/kb\/ativar-desativar-cookies\"> <span style=\"font-weight: 400;\">Gerir cookies<\/span><\/a><\/li>\n<li style=\"font-weight: 400;\" aria-level=\"1\"><b>Microsoft Edge<\/b><span style=\"font-weight: 400;\">:<\/span><a href=\"https:\/\/support.microsoft.com\/pt-pt\/microsoft-edge\/excluir-cookies-para-remover-informa%C3%A7%C3%B5es-que-o-microsoft-edge-armazenou-no-seu-pc-59c5d23c-b0d0-9f13-1c0b-c114539b87d6\"> <span style=\"font-weight: 400;\">Gerir cookies<\/span><\/a><\/li>\n<li style=\"font-weight: 400;\" aria-level=\"1\"><b>Apple Safari<\/b><span style=\"font-weight: 400;\">:<\/span><a href=\"https:\/\/support.apple.com\/pt-pt\/HT201265\"> <span style=\"font-weight: 400;\">Gerir cookies<\/span><\/a><\/li>\n<\/ul>\n<h2><b>5. Altera\u00e7\u00f5es \u00e0 Pol\u00edtica de Cookies<\/b><\/h2>\n<p><span style=\"font-weight: 400;\">Podemos atualizar esta pol\u00edtica periodicamente. Quaisquer altera\u00e7\u00f5es ser\u00e3o publicadas no site com a data da \u00faltima revis\u00e3o.<\/span><\/p>\n<h2><b>6. Contactos<\/b><\/h2>\n<p><span style=\"font-weight: 400;\">Se tiver d\u00favidas sobre a nossa Pol\u00edtica de Cookies, contacte-nos atrav\u00e9s de:<\/span><\/p>\n<ul>\n<li style=\"font-weight: 400;\" aria-level=\"1\"><b>E-mail:<\/b><span style=\"font-weight: 400;\"> protecaodedados@weboffice.pt<\/span><\/li>\n<li style=\"font-weight: 400;\" aria-level=\"1\"><b>Telefone:<\/b><span style=\"font-weight: 400;\"> +351 225 899 800<\/span><\/li>\n<li style=\"font-weight: 400;\" aria-level=\"1\"><b>Morada:<\/b><span style=\"font-weight: 400;\"> <span>Rua Pinto Bessa N.\u00ba 522 R\/C<\/span><br \/><span>4300-428 Porto<\/span><\/span><\/li>\n<\/ul>\n<p>[\/et_pb_text][\/et_pb_column][\/et_pb_row][\/et_pb_section][et_pb_section fb_built=&#8221;1&#8243; custom_padding_last_edited=&#8221;on|tablet&#8221; _builder_version=&#8221;4.18.0&#8243; background_color=&#8221;#68cdec&#8221; use_background_color_gradient=&#8221;on&#8221; background_color_gradient_stops=&#8221;#68cdec 0%|#808285 100%&#8221; background_color_gradient_start=&#8221;#68cdec&#8221; background_color_gradient_end=&#8221;#808285&#8243; custom_padding=&#8221;70px||70px||true|false&#8221; custom_padding_tablet=&#8221;||||false|false&#8221; custom_padding_phone=&#8221;||||false|false&#8221; background_color_gradient_stops_tablet=&#8221;#68cdec 0%|#808285 100%&#8221; background_color_gradient_stops_phone=&#8221;#68cdec 0%|#808285 100%&#8221; global_module=&#8221;2512&#8243; saved_tabs=&#8221;all&#8221; collapsed=&#8221;off&#8221; global_colors_info=&#8221;{}&#8221;][et_pb_row _builder_version=&#8221;4.16&#8243; max_width=&#8221;550px&#8221; module_alignment=&#8221;center&#8221; custom_margin=&#8221;-78px|auto||auto||&#8221; global_colors_info=&#8221;{}&#8221;][et_pb_column type=&#8221;4_4&#8243; _builder_version=&#8221;4.16&#8243; global_colors_info=&#8221;{}&#8221;][et_pb_text _builder_version=&#8221;4.19.2&#8243; header_text_align=&#8221;center&#8221; header_text_color=&#8221;#ffffff&#8221; header_5_text_align=&#8221;center&#8221; header_5_text_color=&#8221;#ffffff&#8221; header_6_text_align=&#8221;center&#8221; header_6_text_color=&#8221;#FFFFFF&#8221; header_6_font_size=&#8221;0.9em&#8221; custom_margin=&#8221;23px|||||&#8221; custom_padding=&#8221;40px|||||&#8221; custom_padding_tablet=&#8221;&#8221; custom_padding_phone=&#8221;&#8221; custom_padding_last_edited=&#8221;on|phone&#8221; animation_style=&#8221;bounce&#8221; animation_duration=&#8221;1700ms&#8221; animation_delay=&#8221;250ms&#8221; global_colors_info=&#8221;{}&#8221;]<\/p>\n<h5>Contacte-nos<\/h5>\n<h1>+351 225 899 800<\/h1>\n<h6>Custo de uma chamada para a rede fixa nacional<\/p>\n<h6>[\/et_pb_text][\/et_pb_column][\/et_pb_row][et_pb_row column_structure=&#8221;1_4,1_4,1_4,1_4&#8243; use_custom_gutter=&#8221;on&#8221; make_equal=&#8221;on&#8221; custom_padding_last_edited=&#8221;on|desktop&#8221; _builder_version=&#8221;4.16&#8243; width=&#8221;100%&#8221; module_alignment=&#8221;center&#8221; custom_margin=&#8221;||||false|false&#8221; custom_margin_tablet=&#8221;&#8221; custom_margin_phone=&#8221;&#8221; custom_margin_last_edited=&#8221;on|phone&#8221; custom_padding=&#8221;26px||0px||false|false&#8221; custom_padding_tablet=&#8221;&#8221; custom_padding_phone=&#8221;|0px|5vw|0px|false|false&#8221; global_colors_info=&#8221;{}&#8221;][et_pb_column type=&#8221;1_4&#8243; _builder_version=&#8221;4.16&#8243; global_colors_info=&#8221;{}&#8221;][et_pb_image src=&#8221;https:\/\/weboffice.pt\/wp-content\/uploads\/2018\/11\/logo_slogan_branco2.png&#8221; align=&#8221;center&#8221; src_tablet=&#8221;&#8221; src_phone=&#8221;&#8221; src_last_edited=&#8221;on|phone&#8221; align_tablet=&#8221;center&#8221; align_phone=&#8221;&#8221; align_last_edited=&#8221;on|tablet&#8221; _builder_version=&#8221;4.16&#8243; width=&#8221;80%&#8221; width_tablet=&#8221;&#8221; width_phone=&#8221;50%&#8221; width_last_edited=&#8221;on|phone&#8221; module_alignment=&#8221;center&#8221; custom_margin=&#8221;-55px||||false|false&#8221; custom_margin_tablet=&#8221;&#8221; custom_margin_phone=&#8221;0px||15px||false|false&#8221; custom_margin_last_edited=&#8221;on|desktop&#8221; custom_padding_tablet=&#8221;&#8221; custom_padding_phone=&#8221;||||false|false&#8221; custom_padding_last_edited=&#8221;on|desktop&#8221; module_alignment_tablet=&#8221;&#8221; module_alignment_phone=&#8221;center&#8221; module_alignment_last_edited=&#8221;on|phone&#8221; global_colors_info=&#8221;{}&#8221;][\/et_pb_image][\/et_pb_column][et_pb_column type=&#8221;1_4&#8243; _builder_version=&#8221;4.16&#8243; global_colors_info=&#8221;{}&#8221;][et_pb_text _builder_version=&#8221;4.16&#8243; _dynamic_attributes=&#8221;link_option_url&#8221; text_text_color=&#8221;#ffffff&#8221; text_font_size=&#8221;12px&#8221; header_3_font=&#8221;|||on|||||&#8221; header_3_text_color=&#8221;#ffffff&#8221; header_3_font_size=&#8221;14px&#8221; module_alignment=&#8221;center&#8221; custom_margin=&#8221;||27px|||&#8221; custom_padding=&#8221;||||false|false&#8221; custom_padding_tablet=&#8221;&#8221; custom_padding_phone=&#8221;|20vw||20vw|false|true&#8221; custom_padding_last_edited=&#8221;on|desktop&#8221; link_option_url=&#8221;@ET-DC@eyJkeW5hbWljIjp0cnVlLCJjb250ZW50IjoicG9zdF9saW5rX3VybF9wYWdlIiwic2V0dGluZ3MiOnsicG9zdF9pZCI6IjI1NzQifX0=@&#8221; header_3_text_align_tablet=&#8221;&#8221; header_3_text_align_phone=&#8221;&#8221; header_3_text_align_last_edited=&#8221;on|phone&#8221; text_text_align=&#8221;justify&#8221; global_colors_info=&#8221;{}&#8221;]<\/p>\n<h3>Escrit\u00f3rios Porto<\/h3>\n<p>Rua Pinto Bessa N.\u00ba 522 R\/C<br \/> 4300-428 Porto<br \/> GPS: 41.150472, -8.591917<\/p>\n<p>[\/et_pb_text][\/et_pb_column][et_pb_column type=&#8221;1_4&#8243; _builder_version=&#8221;4.16&#8243; global_colors_info=&#8221;{}&#8221;][et_pb_text _builder_version=&#8221;4.16&#8243; _dynamic_attributes=&#8221;link_option_url&#8221; text_text_color=&#8221;#ffffff&#8221; text_font_size=&#8221;12px&#8221; header_3_font=&#8221;|||on|||||&#8221; header_3_text_color=&#8221;#ffffff&#8221; header_3_font_size=&#8221;14px&#8221; custom_padding=&#8221;||||false|false&#8221; custom_padding_tablet=&#8221;&#8221; custom_padding_phone=&#8221;|20vw||20vw|false|true&#8221; custom_padding_last_edited=&#8221;on|desktop&#8221; link_option_url=&#8221;@ET-DC@eyJkeW5hbWljIjp0cnVlLCJjb250ZW50IjoicG9zdF9saW5rX3VybF9wYWdlIiwic2V0dGluZ3MiOnsicG9zdF9pZCI6IjI2NzEifX0=@&#8221; text_text_align=&#8221;justify&#8221; global_colors_info=&#8221;{}&#8221;]<\/p>\n<h3>Escrit\u00f3rios Vila Nova de Gaia<\/h3>\n<p>Avenida da Republica, n.\u00ba755, 5.\u00ba Andar<br \/> 4430-201 Vila Nova de Gaia<br \/> GPS: 41.131795, -8.606410<\/p>\n<p>[\/et_pb_text][\/et_pb_column][et_pb_column type=&#8221;1_4&#8243; _builder_version=&#8221;4.16&#8243; global_colors_info=&#8221;{}&#8221;][et_pb_text _builder_version=&#8221;4.20.1&#8243; text_text_color=&#8221;#ffffff&#8221; text_font_size=&#8221;12px&#8221; header_3_font=&#8221;|||on|||||&#8221; header_3_text_color=&#8221;#ffffff&#8221; header_3_font_size=&#8221;14px&#8221; custom_padding=&#8221;||||false|false&#8221; custom_padding_tablet=&#8221;&#8221; custom_padding_phone=&#8221;|20vw||20vw|false|true&#8221; custom_padding_last_edited=&#8221;on|desktop&#8221; text_text_align=&#8221;left&#8221; global_colors_info=&#8221;{}&#8221;]<\/p>\n<h3>Contactos<\/h3>\n<p>Tel.: +351 225 899 800<br \/>Chamada para a rede fixa nacional<br \/>Fax: +351 225 899 801<br \/>Telm.: +351 912 500 771<br \/>Chamada para a rede m\u00f3vel nacional<br \/>E-mail: info@weboffice.pt<\/p>\n<p>[\/et_pb_text][\/et_pb_column][\/et_pb_row][et_pb_row _builder_version=&#8221;4.20.1&#8243; _module_preset=&#8221;default&#8221; global_colors_info=&#8221;{}&#8221;][et_pb_column type=&#8221;4_4&#8243; _builder_version=&#8221;4.20.1&#8243; _module_preset=&#8221;default&#8221; global_colors_info=&#8221;{}&#8221;][et_pb_image src=&#8221;https:\/\/weboffice.pt\/wp-content\/uploads\/2023\/03\/barra_fse-scaled.jpg&#8221; title_text=&#8221;barra_fse&#8221; _builder_version=&#8221;4.20.1&#8243; _module_preset=&#8221;default&#8221; width=&#8221;50%&#8221; module_alignment=&#8221;center&#8221; filter_saturate=&#8221;0%&#8221; global_colors_info=&#8221;{}&#8221;][\/et_pb_image][\/et_pb_column][\/et_pb_row][\/et_pb_section]<\/p>\n","protected":false},"excerpt":{"rendered":"<p>Pol\u00edticas de CookiesPol\u00edtica de Cookies 1. Introdu\u00e7\u00e3o O website https:\/\/weboffice.pt utiliza cookies e tecnologias semelhantes para melhorar a experi\u00eancia do utilizador, analisar o tr\u00e1fego e otimizar os nossos servi\u00e7os. Esta Pol\u00edtica de Cookies explica o que s\u00e3o cookies, como os utilizamos e como pode gerir as suas prefer\u00eancias. Ao continuar a navegar no nosso site, [&hellip;]<\/p>\n","protected":false},"author":1,"featured_media":0,"parent":0,"menu_order":0,"comment_status":"closed","ping_status":"closed","template":"","meta":{"_et_pb_use_builder":"on","_et_pb_old_content":"","_et_gb_content_width":"","footnotes":""},"class_list":["post-2502","page","type-page","status-publish","hentry"],"_links":{"self":[{"href":"https:\/\/weboffice.pt\/es\/wp-json\/wp\/v2\/pages\/2502","targetHints":{"allow":["GET"]}}],"collection":[{"href":"https:\/\/weboffice.pt\/es\/wp-json\/wp\/v2\/pages"}],"about":[{"href":"https:\/\/weboffice.pt\/es\/wp-json\/wp\/v2\/types\/page"}],"author":[{"embeddable":true,"href":"https:\/\/weboffice.pt\/es\/wp-json\/wp\/v2\/users\/1"}],"replies":[{"embeddable":true,"href":"https:\/\/weboffice.pt\/es\/wp-json\/wp\/v2\/comments?post=2502"}],"version-history":[{"count":0,"href":"https:\/\/weboffice.pt\/es\/wp-json\/wp\/v2\/pages\/2502\/revisions"}],"wp:attachment":[{"href":"https:\/\/weboffice.pt\/es\/wp-json\/wp\/v2\/media?parent=2502"}],"curies":[{"name":"wp","href":"https:\/\/api.w.org\/{rel}","templated":true}]}}